{"id":15413,"date":"2024-09-04T13:46:03","date_gmt":"2024-09-04T13:46:03","guid":{"rendered":"https:\/\/tep-alimentar.com\/nouvelles-et-offres-speciales\/"},"modified":"2026-03-09T16:58:03","modified_gmt":"2026-03-09T16:58:03","slug":"offres-actus","status":"publish","type":"page","link":"https:\/\/tep-alimentar.com\/fr\/offres-actus\/","title":{"rendered":"Offres &#038; Actus"},"content":{"rendered":"\t\t<div data-elementor-type=\"wp-page\" data-elementor-id=\"15413\" class=\"elementor elementor-15413 elementor-12039\" data-elementor-post-type=\"page\">\n\t\t\t\t<div class=\"elementor-element elementor-element-c40f2fc e-con-full e-flex e-con e-parent\" data-id=\"c40f2fc\" data-element_type=\"container\" data-e-type=\"container\">\n\t\t<div class=\"elementor-element elementor-element-bd0fc3e e-con-full e-flex elementor-invisible e-con e-child\" data-id=\"bd0fc3e\" data-element_type=\"container\" data-e-type=\"container\" data-settings=\"{&quot;background_background&quot;:&quot;classic&quot;,&quot;animation&quot;:&quot;fadeIn&quot;,&quot;animation_delay&quot;:100}\">\n\t\t<div class=\"elementor-element elementor-element-9682d70 e-flex e-con-boxed e-con e-child\" data-id=\"9682d70\" data-element_type=\"container\" data-e-type=\"container\">\n\t\t\t\t\t<div class=\"e-con-inner\">\n\t\t\t\t<div class=\"elementor-element elementor-element-d4616f5 elementor-invisible elementor-widget elementor-widget-heading\" data-id=\"d4616f5\" data-element_type=\"widget\" data-e-type=\"widget\" data-settings=\"{&quot;_animation&quot;:&quot;fadeInDown&quot;,&quot;_animation_delay&quot;:200}\" data-widget_type=\"heading.default\">\n\t\t\t\t<div class=\"elementor-widget-container\">\n\t\t\t\t\t<h1 class=\"elementor-heading-title elementor-size-default\">Offres &#038; Actus<\/h1>\t\t\t\t<\/div>\n\t\t\t\t<\/div>\n\t\t\t\t\t<\/div>\n\t\t\t\t<\/div>\n\t\t\t\t<\/div>\n\t\t\t\t<\/div>\n\t\t<div class=\"elementor-element elementor-element-2fadee6 e-flex e-con-boxed e-con e-parent\" data-id=\"2fadee6\" data-element_type=\"container\" data-e-type=\"container\">\n\t\t\t\t\t<div class=\"e-con-inner\">\n\t\t\t\t<div class=\"elementor-element elementor-element-ab187a1 elementor-invisible elementor-widget elementor-widget-text-editor\" data-id=\"ab187a1\" data-element_type=\"widget\" data-e-type=\"widget\" data-settings=\"{&quot;_animation&quot;:&quot;fadeInUp&quot;,&quot;_animation_delay&quot;:400}\" data-widget_type=\"text-editor.default\">\n\t\t\t\t<div class=\"elementor-widget-container\">\n\t\t\t\t\t\t\t\t\t<p>Bienvenue sur la page des actualit\u00e9s du PET ! Vous y trouverez les derni\u00e8res promotions, les lancements de produits et des informations exclusives sur tout ce qui se passe dans notre entreprise. Suivez-nous pour ne pas manquer les opportunit\u00e9s sp\u00e9ciales et \u00eatre toujours au courant de nos actualit\u00e9s.<\/p>\t\t\t\t\t\t\t\t<\/div>\n\t\t\t\t<\/div>\n\t\t\t\t\t<\/div>\n\t\t\t\t<\/div>\n\t\t<div class=\"elementor-element elementor-element-69a74fa e-con-full e-flex elementor-invisible e-con e-parent\" data-id=\"69a74fa\" data-element_type=\"container\" data-e-type=\"container\" data-settings=\"{&quot;background_background&quot;:&quot;classic&quot;,&quot;animation&quot;:&quot;fadeIn&quot;,&quot;animation_delay&quot;:300}\">\n\t\t<div class=\"elementor-element elementor-element-6c9d85c e-con-full e-flex elementor-invisible e-con e-child\" data-id=\"6c9d85c\" data-element_type=\"container\" data-e-type=\"container\" data-settings=\"{&quot;background_background&quot;:&quot;classic&quot;,&quot;animation&quot;:&quot;fadeIn&quot;,&quot;animation_delay&quot;:450}\">\n\t\t\t\t<div class=\"elementor-element elementor-element-d2e6d02 elementor-invisible elementor-widget elementor-widget-heading\" data-id=\"d2e6d02\" data-element_type=\"widget\" data-e-type=\"widget\" data-settings=\"{&quot;_animation&quot;:&quot;fadeInLeft&quot;,&quot;_animation_delay&quot;:600}\" data-widget_type=\"heading.default\">\n\t\t\t\t<div class=\"elementor-widget-container\">\n\t\t\t\t\t<h2 class=\"elementor-heading-title elementor-size-default\">Nouveaut\u00e9s<\/h2>\t\t\t\t<\/div>\n\t\t\t\t<\/div>\n\t\t\t\t<\/div>\n\t\t\t\t<\/div>\n\t\t<div class=\"elementor-element elementor-element-2db8abb e-con-full e-flex e-con e-parent\" data-id=\"2db8abb\" data-element_type=\"container\" data-e-type=\"container\" data-settings=\"{&quot;background_background&quot;:&quot;classic&quot;}\">\n\t\t<div class=\"elementor-element elementor-element-7dd10b5 e-flex e-con-boxed e-con e-child\" data-id=\"7dd10b5\" data-element_type=\"container\" data-e-type=\"container\">\n\t\t\t\t\t<div class=\"e-con-inner\">\n\t\t\t\t<div class=\"elementor-element elementor-element-79991c2 elementor-invisible elementor-widget elementor-widget-heading\" data-id=\"79991c2\" data-element_type=\"widget\" data-e-type=\"widget\" data-settings=\"{&quot;_animation&quot;:&quot;fadeInDown&quot;,&quot;_animation_delay&quot;:350}\" data-widget_type=\"heading.default\">\n\t\t\t\t<div class=\"elementor-widget-container\">\n\t\t\t\t\t<h2 class=\"elementor-heading-title elementor-size-default\">Promotions actuelles<\/h2>\t\t\t\t<\/div>\n\t\t\t\t<\/div>\n\t\t\t\t<div class=\"elementor-element elementor-element-49cc82d elementor-invisible elementor-widget elementor-widget-text-editor\" data-id=\"49cc82d\" data-element_type=\"widget\" data-e-type=\"widget\" data-settings=\"{&quot;_animation&quot;:&quot;fadeIn&quot;,&quot;_animation_delay&quot;:450}\" data-widget_type=\"text-editor.default\">\n\t\t\t\t<div class=\"elementor-widget-container\">\n\t\t\t\t\t\t\t\t\t<p>D\u00e9couvrez nos promotions actuelles et profitez d&rsquo;offres sp\u00e9ciales sur une vari\u00e9t\u00e9 de produits. Nous mettons r\u00e9guli\u00e8rement cette section \u00e0 jour pour vous garantir l&rsquo;acc\u00e8s aux meilleures offres.<\/p>\t\t\t\t\t\t\t\t<\/div>\n\t\t\t\t<\/div>\n\t\t\t\t\t<\/div>\n\t\t\t\t<\/div>\n\t\t<div class=\"elementor-element elementor-element-e912337 e-con-full e-flex e-con e-child\" data-id=\"e912337\" data-element_type=\"container\" data-e-type=\"container\">\n\t\t\t\t<div class=\"elementor-element elementor-element-b672814 elementor-invisible elementor-widget elementor-widget-shortcode\" data-id=\"b672814\" data-element_type=\"widget\" data-e-type=\"widget\" id=\"tep-promotions-products\" data-settings=\"{&quot;_animation&quot;:&quot;fadeIn&quot;,&quot;_animation_delay&quot;:450}\" data-widget_type=\"shortcode.default\">\n\t\t\t\t<div class=\"elementor-widget-container\">\n\t\t\t\t\t\t\t<div class=\"elementor-shortcode\"><span class=\"promotions-error\">De momento, n\u00e3o temos promo\u00e7\u00f5es ativas, mas em breve teremos novidades!<\/span><\/div>\n\t\t\t\t\t\t<\/div>\n\t\t\t\t<\/div>\n\t\t\t\t<\/div>\n\t\t\t\t<\/div>\n\t\t<div class=\"elementor-element elementor-element-79f3b14 e-con-full e-flex elementor-invisible e-con e-parent\" data-id=\"79f3b14\" data-element_type=\"container\" data-e-type=\"container\" data-settings=\"{&quot;background_background&quot;:&quot;classic&quot;,&quot;animation&quot;:&quot;fadeIn&quot;,&quot;animation_delay&quot;:250}\">\n\t\t<div class=\"elementor-element elementor-element-c582f5b e-flex e-con-boxed e-con e-child\" data-id=\"c582f5b\" data-element_type=\"container\" data-e-type=\"container\">\n\t\t\t\t\t<div class=\"e-con-inner\">\n\t\t<div class=\"elementor-element elementor-element-3121a87 e-con-full e-flex elementor-invisible e-con e-child\" data-id=\"3121a87\" data-element_type=\"container\" data-e-type=\"container\" data-settings=\"{&quot;background_background&quot;:&quot;classic&quot;,&quot;animation&quot;:&quot;fadeIn&quot;}\">\n\t\t\t\t<div class=\"elementor-element elementor-element-b4e9adc elementor-invisible elementor-widget elementor-widget-heading\" data-id=\"b4e9adc\" data-element_type=\"widget\" data-e-type=\"widget\" data-settings=\"{&quot;_animation&quot;:&quot;fadeInDown&quot;,&quot;_animation_delay&quot;:400}\" data-widget_type=\"heading.default\">\n\t\t\t\t<div class=\"elementor-widget-container\">\n\t\t\t\t\t<h2 class=\"elementor-heading-title elementor-size-default\">Parlez-nous<\/h2>\t\t\t\t<\/div>\n\t\t\t\t<\/div>\n\t\t\t\t<div class=\"elementor-element elementor-element-44a3035 form-white-bg elementor-invisible elementor-widget elementor-widget-qi_addons_for_elementor_contact_form_7\" data-id=\"44a3035\" data-element_type=\"widget\" data-e-type=\"widget\" id=\"tep-form-contacts\" data-settings=\"{&quot;_animation&quot;:&quot;fadeInUp&quot;,&quot;_animation_delay&quot;:550}\" data-widget_type=\"qi_addons_for_elementor_contact_form_7.default\">\n\t\t\t\t<div class=\"elementor-widget-container\">\n\t\t\t\t\t<div class=\"qodef-shortcode qodef-m qodef-qi-contact-form-7\">\n\t\n<div class=\"wpcf7 no-js\" id=\"wpcf7-f15417-o1\" lang=\"fr-FR\" dir=\"ltr\" data-wpcf7-id=\"15417\">\n<div class=\"screen-reader-response\"><p role=\"status\" aria-live=\"polite\" aria-atomic=\"true\"><\/p> <ul><\/ul><\/div>\n<form action=\"\/fr\/wp-json\/wp\/v2\/pages\/15413#wpcf7-f15417-o1\" method=\"post\" class=\"wpcf7-form init demo\" aria-label=\"Formulaire de contact\" novalidate=\"novalidate\" data-status=\"init\">\n<fieldset class=\"hidden-fields-container\"><input type=\"hidden\" name=\"_wpcf7\" value=\"15417\" \/><input type=\"hidden\" name=\"_wpcf7_version\" value=\"6.1.5\" \/><input type=\"hidden\" name=\"_wpcf7_locale\" value=\"fr_FR\" \/><input type=\"hidden\" name=\"_wpcf7_unit_tag\" value=\"wpcf7-f15417-o1\" \/><input type=\"hidden\" name=\"_wpcf7_container_post\" value=\"0\" \/><input type=\"hidden\" name=\"_wpcf7_posted_data_hash\" value=\"\" \/><input type=\"hidden\" name=\"_wpcf7_recaptcha_response\" value=\"\" \/>\n<\/fieldset>\n<div class=\"qodef-standard-contact-form\">\n<span class=\"wpcf7-form-control-wrap\" data-name=\"your-name\"><input size=\"40\" maxlength=\"400\" class=\"wpcf7-form-control wpcf7-text wpcf7-validates-as-required\" aria-required=\"true\" aria-invalid=\"false\" placeholder=\"Nom\" value=\"\" type=\"text\" name=\"your-name\" \/><\/span>\n<span class=\"wpcf7-form-control-wrap\" data-name=\"your-email\"><input size=\"40\" maxlength=\"400\" class=\"wpcf7-form-control wpcf7-email wpcf7-validates-as-required wpcf7-text wpcf7-validates-as-email\" aria-required=\"true\" aria-invalid=\"false\" placeholder=\"Email\" value=\"\" type=\"email\" name=\"your-email\" \/><\/span>\n<span class=\"wpcf7-form-control-wrap\" data-name=\"your-message\"><textarea cols=\"40\" rows=\"10\" maxlength=\"2000\" class=\"wpcf7-form-control wpcf7-textarea\" aria-invalid=\"false\" placeholder=\"Message\" name=\"your-message\"><\/textarea><\/span>\n <button class=\"wpcf7-form-control wpcf7-submit qodef-button qodef-size--normal qodef-layout--outlined qodef-m\" type=\"submit\"><span class=\"qodef-m-text\">Envoyer<\/span><\/button>\n<\/div><div class=\"wpcf7-response-output\" aria-hidden=\"true\"><\/div>\n<\/form>\n<\/div>\n<\/div>\n\t\t\t\t<\/div>\n\t\t\t\t<\/div>\n\t\t\t\t<\/div>\n\t\t\t\t\t<\/div>\n\t\t\t\t<\/div>\n\t\t\t\t<\/div>\n\t\t\t\t<\/div>\n\t\t","protected":false},"excerpt":{"rendered":"<p>Bienvenue sur la page des actualit\u00e9s du PET ! Vous y trouverez les derni\u00e8res promotions, les lancements de produits et des informations exclusives sur tout ce qui se passe dans notre entreprise. Suivez-nous pour ne pas manquer les opportunit\u00e9s sp\u00e9ciales et \u00eatre toujours au courant de nos actualit\u00e9s. Nouveaut\u00e9s Promotions actuelles D\u00e9couvrez nos promotions actuelles [&hellip;]<\/p>\n","protected":false},"author":1,"featured_media":0,"parent":0,"menu_order":0,"comment_status":"closed","ping_status":"closed","template":"page-full-width.php","meta":{"footnotes":""},"class_list":["post-15413","page","type-page","status-publish","hentry"],"yoast_head":"<!-- This site is optimized with the Yoast SEO plugin v27.5 - https:\/\/yoast.com\/product\/yoast-seo-wordpress\/ -->\n<title>Offres &amp; Actus - Tep Alimentar<\/title>\n<meta name=\"robots\" content=\"index, follow, max-snippet:-1, max-image-preview:large, max-video-preview:-1\" \/>\n<link rel=\"canonical\" href=\"https:\/\/tep-alimentar.com\/fr\/offres-actus\/\" \/>\n<meta property=\"og:locale\" content=\"fr_FR\" \/>\n<meta property=\"og:type\" content=\"article\" \/>\n<meta property=\"og:title\" content=\"Offres &amp; Actus - Tep Alimentar\" \/>\n<meta property=\"og:description\" content=\"Bienvenue sur la page des actualit\u00e9s du PET ! Vous y trouverez les derni\u00e8res promotions, les lancements de produits et des informations exclusives sur tout ce qui se passe dans notre entreprise. Suivez-nous pour ne pas manquer les opportunit\u00e9s sp\u00e9ciales et \u00eatre toujours au courant de nos actualit\u00e9s. Nouveaut\u00e9s Promotions actuelles D\u00e9couvrez nos promotions actuelles [&hellip;]\" \/>\n<meta property=\"og:url\" content=\"https:\/\/tep-alimentar.com\/fr\/offres-actus\/\" \/>\n<meta property=\"og:site_name\" content=\"Tep Alimentar\" \/>\n<meta property=\"article:publisher\" content=\"https:\/\/www.facebook.com\/p\/TEP-Distribuio-de-Produtos-Alimentares-100048592165823\/\" \/>\n<meta property=\"article:modified_time\" content=\"2026-03-09T16:58:03+00:00\" \/>\n<meta name=\"twitter:card\" content=\"summary_large_image\" \/>\n<script type=\"application\/ld+json\" class=\"yoast-schema-graph\">{\"@context\":\"https:\\\/\\\/schema.org\",\"@graph\":[{\"@type\":\"WebPage\",\"@id\":\"https:\\\/\\\/tep-alimentar.com\\\/fr\\\/offres-actus\\\/\",\"url\":\"https:\\\/\\\/tep-alimentar.com\\\/fr\\\/offres-actus\\\/\",\"name\":\"Offres & Actus - Tep Alimentar\",\"isPartOf\":{\"@id\":\"https:\\\/\\\/tep-alimentar.com\\\/fr\\\/#website\"},\"datePublished\":\"2024-09-04T13:46:03+00:00\",\"dateModified\":\"2026-03-09T16:58:03+00:00\",\"breadcrumb\":{\"@id\":\"https:\\\/\\\/tep-alimentar.com\\\/fr\\\/offres-actus\\\/#breadcrumb\"},\"inLanguage\":\"fr-FR\",\"potentialAction\":[{\"@type\":\"ReadAction\",\"target\":[\"https:\\\/\\\/tep-alimentar.com\\\/fr\\\/offres-actus\\\/\"]}]},{\"@type\":\"BreadcrumbList\",\"@id\":\"https:\\\/\\\/tep-alimentar.com\\\/fr\\\/offres-actus\\\/#breadcrumb\",\"itemListElement\":[{\"@type\":\"ListItem\",\"position\":1,\"name\":\"In\u00edcio\",\"item\":\"https:\\\/\\\/tep-alimentar.com\\\/fr\\\/accueil\\\/\"},{\"@type\":\"ListItem\",\"position\":2,\"name\":\"Offres &#038; Actus\"}]},{\"@type\":\"WebSite\",\"@id\":\"https:\\\/\\\/tep-alimentar.com\\\/fr\\\/#website\",\"url\":\"https:\\\/\\\/tep-alimentar.com\\\/fr\\\/\",\"name\":\"Tep Alimentar\",\"description\":\"Distribui\u00e7\u00e3o de Produtos Alimentares\",\"publisher\":{\"@id\":\"https:\\\/\\\/tep-alimentar.com\\\/fr\\\/#organization\"},\"potentialAction\":[{\"@type\":\"SearchAction\",\"target\":{\"@type\":\"EntryPoint\",\"urlTemplate\":\"https:\\\/\\\/tep-alimentar.com\\\/fr\\\/?s={search_term_string}\"},\"query-input\":{\"@type\":\"PropertyValueSpecification\",\"valueRequired\":true,\"valueName\":\"search_term_string\"}}],\"inLanguage\":\"fr-FR\"},{\"@type\":\"Organization\",\"@id\":\"https:\\\/\\\/tep-alimentar.com\\\/fr\\\/#organization\",\"name\":\"Tep Alimentar\",\"url\":\"https:\\\/\\\/tep-alimentar.com\\\/fr\\\/\",\"logo\":{\"@type\":\"ImageObject\",\"inLanguage\":\"fr-FR\",\"@id\":\"https:\\\/\\\/tep-alimentar.com\\\/fr\\\/#\\\/schema\\\/logo\\\/image\\\/\",\"url\":\"https:\\\/\\\/tep-alimentar.com\\\/wp-content\\\/uploads\\\/2024\\\/09\\\/tep-logo-blue.svg\",\"contentUrl\":\"https:\\\/\\\/tep-alimentar.com\\\/wp-content\\\/uploads\\\/2024\\\/09\\\/tep-logo-blue.svg\",\"width\":1,\"height\":1,\"caption\":\"Tep Alimentar\"},\"image\":{\"@id\":\"https:\\\/\\\/tep-alimentar.com\\\/fr\\\/#\\\/schema\\\/logo\\\/image\\\/\"},\"sameAs\":[\"https:\\\/\\\/www.facebook.com\\\/p\\\/TEP-Distribuio-de-Produtos-Alimentares-100048592165823\\\/\"]}]}<\/script>\n<!-- \/ Yoast SEO plugin. -->","yoast_head_json":{"title":"Offres & Actus - Tep Alimentar","robots":{"index":"index","follow":"follow","max-snippet":"max-snippet:-1","max-image-preview":"max-image-preview:large","max-video-preview":"max-video-preview:-1"},"canonical":"https:\/\/tep-alimentar.com\/fr\/offres-actus\/","og_locale":"fr_FR","og_type":"article","og_title":"Offres & Actus - Tep Alimentar","og_description":"Bienvenue sur la page des actualit\u00e9s du PET ! Vous y trouverez les derni\u00e8res promotions, les lancements de produits et des informations exclusives sur tout ce qui se passe dans notre entreprise. Suivez-nous pour ne pas manquer les opportunit\u00e9s sp\u00e9ciales et \u00eatre toujours au courant de nos actualit\u00e9s. Nouveaut\u00e9s Promotions actuelles D\u00e9couvrez nos promotions actuelles [&hellip;]","og_url":"https:\/\/tep-alimentar.com\/fr\/offres-actus\/","og_site_name":"Tep Alimentar","article_publisher":"https:\/\/www.facebook.com\/p\/TEP-Distribuio-de-Produtos-Alimentares-100048592165823\/","article_modified_time":"2026-03-09T16:58:03+00:00","twitter_card":"summary_large_image","schema":{"@context":"https:\/\/schema.org","@graph":[{"@type":"WebPage","@id":"https:\/\/tep-alimentar.com\/fr\/offres-actus\/","url":"https:\/\/tep-alimentar.com\/fr\/offres-actus\/","name":"Offres & Actus - Tep Alimentar","isPartOf":{"@id":"https:\/\/tep-alimentar.com\/fr\/#website"},"datePublished":"2024-09-04T13:46:03+00:00","dateModified":"2026-03-09T16:58:03+00:00","breadcrumb":{"@id":"https:\/\/tep-alimentar.com\/fr\/offres-actus\/#breadcrumb"},"inLanguage":"fr-FR","potentialAction":[{"@type":"ReadAction","target":["https:\/\/tep-alimentar.com\/fr\/offres-actus\/"]}]},{"@type":"BreadcrumbList","@id":"https:\/\/tep-alimentar.com\/fr\/offres-actus\/#breadcrumb","itemListElement":[{"@type":"ListItem","position":1,"name":"In\u00edcio","item":"https:\/\/tep-alimentar.com\/fr\/accueil\/"},{"@type":"ListItem","position":2,"name":"Offres &#038; Actus"}]},{"@type":"WebSite","@id":"https:\/\/tep-alimentar.com\/fr\/#website","url":"https:\/\/tep-alimentar.com\/fr\/","name":"Tep Alimentar","description":"Distribui\u00e7\u00e3o de Produtos Alimentares","publisher":{"@id":"https:\/\/tep-alimentar.com\/fr\/#organization"},"potentialAction":[{"@type":"SearchAction","target":{"@type":"EntryPoint","urlTemplate":"https:\/\/tep-alimentar.com\/fr\/?s={search_term_string}"},"query-input":{"@type":"PropertyValueSpecification","valueRequired":true,"valueName":"search_term_string"}}],"inLanguage":"fr-FR"},{"@type":"Organization","@id":"https:\/\/tep-alimentar.com\/fr\/#organization","name":"Tep Alimentar","url":"https:\/\/tep-alimentar.com\/fr\/","logo":{"@type":"ImageObject","inLanguage":"fr-FR","@id":"https:\/\/tep-alimentar.com\/fr\/#\/schema\/logo\/image\/","url":"https:\/\/tep-alimentar.com\/wp-content\/uploads\/2024\/09\/tep-logo-blue.svg","contentUrl":"https:\/\/tep-alimentar.com\/wp-content\/uploads\/2024\/09\/tep-logo-blue.svg","width":1,"height":1,"caption":"Tep Alimentar"},"image":{"@id":"https:\/\/tep-alimentar.com\/fr\/#\/schema\/logo\/image\/"},"sameAs":["https:\/\/www.facebook.com\/p\/TEP-Distribuio-de-Produtos-Alimentares-100048592165823\/"]}]}},"_links":{"self":[{"href":"https:\/\/tep-alimentar.com\/fr\/wp-json\/wp\/v2\/pages\/15413","targetHints":{"allow":["GET"]}}],"collection":[{"href":"https:\/\/tep-alimentar.com\/fr\/wp-json\/wp\/v2\/pages"}],"about":[{"href":"https:\/\/tep-alimentar.com\/fr\/wp-json\/wp\/v2\/types\/page"}],"author":[{"embeddable":true,"href":"https:\/\/tep-alimentar.com\/fr\/wp-json\/wp\/v2\/users\/1"}],"replies":[{"embeddable":true,"href":"https:\/\/tep-alimentar.com\/fr\/wp-json\/wp\/v2\/comments?post=15413"}],"version-history":[{"count":3,"href":"https:\/\/tep-alimentar.com\/fr\/wp-json\/wp\/v2\/pages\/15413\/revisions"}],"predecessor-version":[{"id":16587,"href":"https:\/\/tep-alimentar.com\/fr\/wp-json\/wp\/v2\/pages\/15413\/revisions\/16587"}],"wp:attachment":[{"href":"https:\/\/tep-alimentar.com\/fr\/wp-json\/wp\/v2\/media?parent=15413"}],"curies":[{"name":"wp","href":"https:\/\/api.w.org\/{rel}","templated":true}]}}