{"id":15405,"date":"2024-09-04T15:01:06","date_gmt":"2024-09-04T15:01:06","guid":{"rendered":"https:\/\/tep-alimentar.com\/qualite-et-durabilite\/"},"modified":"2026-03-09T16:32:06","modified_gmt":"2026-03-09T16:32:06","slug":"qualite-et-durabilite","status":"publish","type":"page","link":"https:\/\/tep-alimentar.com\/fr\/qualite-et-durabilite\/","title":{"rendered":"Qualit\u00e9 et durabilit\u00e9"},"content":{"rendered":"\t\t<div data-elementor-type=\"wp-page\" data-elementor-id=\"15405\" class=\"elementor elementor-15405 elementor-12077\" data-elementor-post-type=\"page\">\n\t\t\t\t<div class=\"elementor-element elementor-element-3d70d8e e-con-full e-flex e-con e-parent\" data-id=\"3d70d8e\" data-element_type=\"container\" data-e-type=\"container\">\n\t\t<div class=\"elementor-element elementor-element-cf74b84 e-con-full e-flex elementor-invisible e-con e-child\" data-id=\"cf74b84\" data-element_type=\"container\" data-e-type=\"container\" data-settings=\"{&quot;background_background&quot;:&quot;classic&quot;,&quot;animation&quot;:&quot;fadeIn&quot;,&quot;animation_delay&quot;:100}\">\n\t\t<div class=\"elementor-element elementor-element-fb62559 e-flex e-con-boxed e-con e-child\" data-id=\"fb62559\" data-element_type=\"container\" data-e-type=\"container\">\n\t\t\t\t\t<div class=\"e-con-inner\">\n\t\t\t\t<div class=\"elementor-element elementor-element-0f3e3fa elementor-invisible elementor-widget elementor-widget-heading\" data-id=\"0f3e3fa\" data-element_type=\"widget\" data-e-type=\"widget\" data-settings=\"{&quot;_animation&quot;:&quot;fadeInDown&quot;,&quot;_animation_delay&quot;:200}\" data-widget_type=\"heading.default\">\n\t\t\t\t<div class=\"elementor-widget-container\">\n\t\t\t\t\t<h1 class=\"elementor-heading-title elementor-size-default\">Qualit\u00e9 et durabilit\u00e9<\/h1>\t\t\t\t<\/div>\n\t\t\t\t<\/div>\n\t\t\t\t\t<\/div>\n\t\t\t\t<\/div>\n\t\t\t\t<\/div>\n\t\t\t\t<\/div>\n\t\t<div class=\"elementor-element elementor-element-e23cdc6 e-flex e-con-boxed e-con e-parent\" data-id=\"e23cdc6\" data-element_type=\"container\" data-e-type=\"container\">\n\t\t\t\t\t<div class=\"e-con-inner\">\n\t\t\t\t<div class=\"elementor-element elementor-element-873e216 elementor-invisible elementor-widget elementor-widget-text-editor\" data-id=\"873e216\" data-element_type=\"widget\" data-e-type=\"widget\" data-settings=\"{&quot;_animation&quot;:&quot;fadeInUp&quot;,&quot;_animation_delay&quot;:400}\" data-widget_type=\"text-editor.default\">\n\t\t\t\t<div class=\"elementor-widget-container\">\n\t\t\t\t\t\t\t\t\t<p>Chez TEP, la qualit\u00e9 et la durabilit\u00e9 sont des piliers fondamentaux de nos activit\u00e9s. Nous nous engageons \u00e0 offrir des produits alimentaires de la plus haute qualit\u00e9 tout en promouvant des pratiques durables \u00e0 chaque \u00e9tape de notre processus.  <\/p>\t\t\t\t\t\t\t\t<\/div>\n\t\t\t\t<\/div>\n\t\t\t\t\t<\/div>\n\t\t\t\t<\/div>\n\t\t<div class=\"elementor-element elementor-element-e0bed48 e-flex e-con-boxed e-con e-parent\" data-id=\"e0bed48\" data-element_type=\"container\" data-e-type=\"container\" data-settings=\"{&quot;background_background&quot;:&quot;classic&quot;}\">\n\t\t\t\t\t<div class=\"e-con-inner\">\n\t\t<div class=\"elementor-element elementor-element-20f331e e-flex e-con-boxed e-con e-child\" data-id=\"20f331e\" data-element_type=\"container\" data-e-type=\"container\">\n\t\t\t\t\t<div class=\"e-con-inner\">\n\t\t\t\t<div class=\"elementor-element elementor-element-c6dc89f elementor-invisible elementor-widget elementor-widget-heading\" data-id=\"c6dc89f\" data-element_type=\"widget\" data-e-type=\"widget\" data-settings=\"{&quot;_animation&quot;:&quot;fadeIn&quot;,&quot;_animation_delay&quot;:250}\" data-widget_type=\"heading.default\">\n\t\t\t\t<div class=\"elementor-widget-container\">\n\t\t\t\t\t<h2 class=\"elementor-heading-title elementor-size-default\">Engagement en faveur de la qualit\u00e9<\/h2>\t\t\t\t<\/div>\n\t\t\t\t<\/div>\n\t\t\t\t<div class=\"elementor-element elementor-element-8bf65af elementor-invisible elementor-widget elementor-widget-text-editor\" data-id=\"8bf65af\" data-element_type=\"widget\" data-e-type=\"widget\" data-settings=\"{&quot;_animation&quot;:&quot;fadeIn&quot;,&quot;_animation_delay&quot;:350}\" data-widget_type=\"text-editor.default\">\n\t\t\t\t<div class=\"elementor-widget-container\">\n\t\t\t\t\t\t\t\t\t<p>Garantir la qualit\u00e9 de nos produits est notre priorit\u00e9 absolue. Nous mettons en \u0153uvre des contr\u00f4les de qualit\u00e9 stricts afin de garantir que tous les produits que nous distribuons r\u00e9pondent aux normes les plus strictes en mati\u00e8re de s\u00e9curit\u00e9 et d&rsquo;excellence.<\/p>\t\t\t\t\t\t\t\t<\/div>\n\t\t\t\t<\/div>\n\t\t\t\t\t<\/div>\n\t\t\t\t<\/div>\n\t\t<div class=\"elementor-element elementor-element-2fec980 e-con-full e-flex e-con e-child\" data-id=\"2fec980\" data-element_type=\"container\" data-e-type=\"container\">\n\t\t<div class=\"elementor-element elementor-element-e360849 e-flex e-con-boxed elementor-invisible e-con e-child\" data-id=\"e360849\" data-element_type=\"container\" data-e-type=\"container\" data-settings=\"{&quot;animation&quot;:&quot;fadeIn&quot;,&quot;animation_delay&quot;:400}\">\n\t\t\t\t\t<div class=\"e-con-inner\">\n\t\t\t\t<div class=\"elementor-element elementor-element-a3cd71b elementor-invisible elementor-widget elementor-widget-image\" data-id=\"a3cd71b\" data-element_type=\"widget\" data-e-type=\"widget\" data-settings=\"{&quot;_animation&quot;:&quot;fadeIn&quot;}\" data-widget_type=\"image.default\">\n\t\t\t\t<div class=\"elementor-widget-container\">\n\t\t\t\t\t\t\t\t\t\t\t\t\t\t\t<img decoding=\"async\" width=\"129\" height=\"123\" src=\"https:\/\/tep-alimentar.com\/wp-content\/uploads\/2024\/09\/tep-sgs-certificado.png\" class=\"attachment-full size-full wp-image-15407\" alt=\"\" \/>\t\t\t\t\t\t\t\t\t\t\t\t\t\t\t<\/div>\n\t\t\t\t<\/div>\n\t\t\t\t<div class=\"elementor-element elementor-element-f2dc354 elementor-widget elementor-widget-heading\" data-id=\"f2dc354\" data-element_type=\"widget\" data-e-type=\"widget\" data-widget_type=\"heading.default\">\n\t\t\t\t<div class=\"elementor-widget-container\">\n\t\t\t\t\t<h3 class=\"elementor-heading-title elementor-size-default\">Certification de qualit\u00e9 :<\/h3>\t\t\t\t<\/div>\n\t\t\t\t<\/div>\n\t\t\t\t<div class=\"elementor-element elementor-element-1bfee76 elementor-widget elementor-widget-text-editor\" data-id=\"1bfee76\" data-element_type=\"widget\" data-e-type=\"widget\" data-widget_type=\"text-editor.default\">\n\t\t\t\t<div class=\"elementor-widget-container\">\n\t\t\t\t\t\t\t\t\t<p>Nous avons mis en place un syst\u00e8me de gestion de la qualit\u00e9 conform\u00e9ment au r\u00e8glement (CE) n\u00b0 852\/2004 et sommes certifi\u00e9s ISO 9001:2008.<\/p>\t\t\t\t\t\t\t\t<\/div>\n\t\t\t\t<\/div>\n\t\t\t\t\t<\/div>\n\t\t\t\t<\/div>\n\t\t<div class=\"elementor-element elementor-element-ccc644d e-flex e-con-boxed elementor-invisible e-con e-child\" data-id=\"ccc644d\" data-element_type=\"container\" data-e-type=\"container\" data-settings=\"{&quot;animation&quot;:&quot;fadeIn&quot;,&quot;animation_delay&quot;:550}\">\n\t\t\t\t\t<div class=\"e-con-inner\">\n\t\t\t\t<div class=\"elementor-element elementor-element-7e5e627 elementor-widget elementor-widget-image\" data-id=\"7e5e627\" data-element_type=\"widget\" data-e-type=\"widget\" data-widget_type=\"image.default\">\n\t\t\t\t<div class=\"elementor-widget-container\">\n\t\t\t\t\t\t\t\t\t\t\t\t\t\t\t<img decoding=\"async\" width=\"99\" height=\"119\" src=\"https:\/\/tep-alimentar.com\/wp-content\/uploads\/2024\/09\/tep-controlo-rigoroso.png\" class=\"attachment-full size-full wp-image-15408\" alt=\"\" \/>\t\t\t\t\t\t\t\t\t\t\t\t\t\t\t<\/div>\n\t\t\t\t<\/div>\n\t\t\t\t<div class=\"elementor-element elementor-element-49fac9c elementor-widget elementor-widget-heading\" data-id=\"49fac9c\" data-element_type=\"widget\" data-e-type=\"widget\" data-widget_type=\"heading.default\">\n\t\t\t\t<div class=\"elementor-widget-container\">\n\t\t\t\t\t<h3 class=\"elementor-heading-title elementor-size-default\">Contr\u00f4le strict :<\/h3>\t\t\t\t<\/div>\n\t\t\t\t<\/div>\n\t\t\t\t<div class=\"elementor-element elementor-element-0088625 elementor-widget elementor-widget-text-editor\" data-id=\"0088625\" data-element_type=\"widget\" data-e-type=\"widget\" data-widget_type=\"text-editor.default\">\n\t\t\t\t<div class=\"elementor-widget-container\">\n\t\t\t\t\t\t\t\t\t<p>Nous effectuons r\u00e9guli\u00e8rement des tests et des inspections pour nous assurer que tous les produits conservent leur int\u00e9grit\u00e9 et leur qualit\u00e9, de la source au client final.<\/p>\t\t\t\t\t\t\t\t<\/div>\n\t\t\t\t<\/div>\n\t\t\t\t\t<\/div>\n\t\t\t\t<\/div>\n\t\t<div class=\"elementor-element elementor-element-05c8fe0 e-flex e-con-boxed elementor-invisible e-con e-child\" data-id=\"05c8fe0\" data-element_type=\"container\" data-e-type=\"container\" data-settings=\"{&quot;animation&quot;:&quot;fadeIn&quot;,&quot;animation_delay&quot;:700}\">\n\t\t\t\t\t<div class=\"e-con-inner\">\n\t\t\t\t<div class=\"elementor-element elementor-element-2cbdd46 elementor-widget elementor-widget-image\" data-id=\"2cbdd46\" data-element_type=\"widget\" data-e-type=\"widget\" data-widget_type=\"image.default\">\n\t\t\t\t<div class=\"elementor-widget-container\">\n\t\t\t\t\t\t\t\t\t\t\t\t\t\t\t<img decoding=\"async\" width=\"99\" height=\"119\" src=\"https:\/\/tep-alimentar.com\/wp-content\/uploads\/2024\/09\/tep-formacao-continua.png\" class=\"attachment-full size-full wp-image-15409\" alt=\"\" \/>\t\t\t\t\t\t\t\t\t\t\t\t\t\t\t<\/div>\n\t\t\t\t<\/div>\n\t\t\t\t<div class=\"elementor-element elementor-element-272c0c0 elementor-widget elementor-widget-heading\" data-id=\"272c0c0\" data-element_type=\"widget\" data-e-type=\"widget\" data-widget_type=\"heading.default\">\n\t\t\t\t<div class=\"elementor-widget-container\">\n\t\t\t\t\t<h3 class=\"elementor-heading-title elementor-size-default\">Formation continue :<\/h3>\t\t\t\t<\/div>\n\t\t\t\t<\/div>\n\t\t\t\t<div class=\"elementor-element elementor-element-2ee1066 elementor-widget elementor-widget-text-editor\" data-id=\"2ee1066\" data-element_type=\"widget\" data-e-type=\"widget\" data-widget_type=\"text-editor.default\">\n\t\t\t\t<div class=\"elementor-widget-container\">\n\t\t\t\t\t\t\t\t\t<p>Nous investissons dans la formation continue de nos employ\u00e9s afin qu&rsquo;ils soient toujours au fait des meilleures pratiques en mati\u00e8re de qualit\u00e9 et de s\u00e9curit\u00e9 alimentaire.<\/p>\t\t\t\t\t\t\t\t<\/div>\n\t\t\t\t<\/div>\n\t\t\t\t\t<\/div>\n\t\t\t\t<\/div>\n\t\t\t\t<\/div>\n\t\t\t\t\t<\/div>\n\t\t\t\t<\/div>\n\t\t<div class=\"elementor-element elementor-element-59d6eae e-flex e-con-boxed e-con e-parent\" data-id=\"59d6eae\" data-element_type=\"container\" data-e-type=\"container\">\n\t\t\t\t\t<div class=\"e-con-inner\">\n\t\t<div class=\"elementor-element elementor-element-d1213c9 e-flex e-con-boxed e-con e-child\" data-id=\"d1213c9\" data-element_type=\"container\" data-e-type=\"container\">\n\t\t\t\t\t<div class=\"e-con-inner\">\n\t\t\t\t<div class=\"elementor-element elementor-element-e910cee elementor-invisible elementor-widget elementor-widget-heading\" data-id=\"e910cee\" data-element_type=\"widget\" data-e-type=\"widget\" data-settings=\"{&quot;_animation&quot;:&quot;fadeIn&quot;,&quot;_animation_delay&quot;:250}\" data-widget_type=\"heading.default\">\n\t\t\t\t<div class=\"elementor-widget-container\">\n\t\t\t\t\t<h2 class=\"elementor-heading-title elementor-size-default\">Innovation et am\u00e9lioration continue<\/h2>\t\t\t\t<\/div>\n\t\t\t\t<\/div>\n\t\t\t\t<div class=\"elementor-element elementor-element-81aef70 elementor-invisible elementor-widget elementor-widget-text-editor\" data-id=\"81aef70\" data-element_type=\"widget\" data-e-type=\"widget\" data-settings=\"{&quot;_animation&quot;:&quot;fadeIn&quot;,&quot;_animation_delay&quot;:350}\" data-widget_type=\"text-editor.default\">\n\t\t\t\t<div class=\"elementor-widget-container\">\n\t\t\t\t\t\t\t\t\t<p>Nous innovons constamment pour am\u00e9liorer la qualit\u00e9 de nos produits et la durabilit\u00e9 de nos activit\u00e9s. Notre approche comprend<\/p>\t\t\t\t\t\t\t\t<\/div>\n\t\t\t\t<\/div>\n\t\t\t\t\t<\/div>\n\t\t\t\t<\/div>\n\t\t<div class=\"elementor-element elementor-element-2c48b1c e-con-full e-flex e-con e-child\" data-id=\"2c48b1c\" data-element_type=\"container\" data-e-type=\"container\">\n\t\t<div class=\"elementor-element elementor-element-2a8727c e-flex e-con-boxed elementor-invisible e-con e-child\" data-id=\"2a8727c\" data-element_type=\"container\" data-e-type=\"container\" data-settings=\"{&quot;animation&quot;:&quot;fadeIn&quot;,&quot;animation_delay&quot;:400}\">\n\t\t\t\t\t<div class=\"e-con-inner\">\n\t\t\t\t<div class=\"elementor-element elementor-element-ab373a6 elementor-widget elementor-widget-heading\" data-id=\"ab373a6\" data-element_type=\"widget\" data-e-type=\"widget\" data-widget_type=\"heading.default\">\n\t\t\t\t<div class=\"elementor-widget-container\">\n\t\t\t\t\t<h3 class=\"elementor-heading-title elementor-size-default\">Solutions technologiques :<\/h3>\t\t\t\t<\/div>\n\t\t\t\t<\/div>\n\t\t\t\t<div class=\"elementor-element elementor-element-b9fbc6b elementor-widget elementor-widget-text-editor\" data-id=\"b9fbc6b\" data-element_type=\"widget\" data-e-type=\"widget\" data-widget_type=\"text-editor.default\">\n\t\t\t\t<div class=\"elementor-widget-container\">\n\t\t\t\t\t\t\t\t\t<p>Nous utilisons la technologie pour contr\u00f4ler et am\u00e9liorer nos processus de production et de distribution.<\/p>\t\t\t\t\t\t\t\t<\/div>\n\t\t\t\t<\/div>\n\t\t\t\t\t<\/div>\n\t\t\t\t<\/div>\n\t\t<div class=\"elementor-element elementor-element-4816b00 e-flex e-con-boxed elementor-invisible e-con e-child\" data-id=\"4816b00\" data-element_type=\"container\" data-e-type=\"container\" data-settings=\"{&quot;animation&quot;:&quot;fadeIn&quot;,&quot;animation_delay&quot;:550}\">\n\t\t\t\t\t<div class=\"e-con-inner\">\n\t\t\t\t<div class=\"elementor-element elementor-element-a57c642 elementor-widget elementor-widget-heading\" data-id=\"a57c642\" data-element_type=\"widget\" data-e-type=\"widget\" data-widget_type=\"heading.default\">\n\t\t\t\t<div class=\"elementor-widget-container\">\n\t\t\t\t\t<h3 class=\"elementor-heading-title elementor-size-default\">Partenariats avec les fournisseurs :<\/h3>\t\t\t\t<\/div>\n\t\t\t\t<\/div>\n\t\t\t\t<div class=\"elementor-element elementor-element-46e2693 elementor-widget elementor-widget-text-editor\" data-id=\"46e2693\" data-element_type=\"widget\" data-e-type=\"widget\" data-widget_type=\"text-editor.default\">\n\t\t\t\t<div class=\"elementor-widget-container\">\n\t\t\t\t\t\t\t\t\t<p>Nous travaillons en \u00e9troite collaboration avec nos fournisseurs pour d\u00e9velopper des produits qui r\u00e9pondent aux normes les plus strictes en mati\u00e8re de qualit\u00e9 et de durabilit\u00e9.<\/p>\t\t\t\t\t\t\t\t<\/div>\n\t\t\t\t<\/div>\n\t\t\t\t\t<\/div>\n\t\t\t\t<\/div>\n\t\t<div class=\"elementor-element elementor-element-96a5d26 e-flex e-con-boxed elementor-invisible e-con e-child\" data-id=\"96a5d26\" data-element_type=\"container\" data-e-type=\"container\" data-settings=\"{&quot;animation&quot;:&quot;fadeIn&quot;,&quot;animation_delay&quot;:700}\">\n\t\t\t\t\t<div class=\"e-con-inner\">\n\t\t\t\t<div class=\"elementor-element elementor-element-9f6753a elementor-widget elementor-widget-heading\" data-id=\"9f6753a\" data-element_type=\"widget\" data-e-type=\"widget\" data-widget_type=\"heading.default\">\n\t\t\t\t<div class=\"elementor-widget-container\">\n\t\t\t\t\t<h3 class=\"elementor-heading-title elementor-size-default\">Am\u00e9lioration continue :<\/h3>\t\t\t\t<\/div>\n\t\t\t\t<\/div>\n\t\t\t\t<div class=\"elementor-element elementor-element-847f53f elementor-widget elementor-widget-text-editor\" data-id=\"847f53f\" data-element_type=\"widget\" data-e-type=\"widget\" data-widget_type=\"text-editor.default\">\n\t\t\t\t<div class=\"elementor-widget-container\">\n\t\t\t\t\t\t\t\t\t<p>Nous encourageons l&rsquo;innovation et l&rsquo;am\u00e9lioration continue dans tous les domaines de notre entreprise, de la production \u00e0 la livraison au client.<\/p>\t\t\t\t\t\t\t\t<\/div>\n\t\t\t\t<\/div>\n\t\t\t\t\t<\/div>\n\t\t\t\t<\/div>\n\t\t\t\t<\/div>\n\t\t\t\t\t<\/div>\n\t\t\t\t<\/div>\n\t\t\t\t<\/div>\n\t\t","protected":false},"excerpt":{"rendered":"<p>Chez TEP, la qualit\u00e9 et la durabilit\u00e9 sont des piliers fondamentaux de nos activit\u00e9s. Nous nous engageons \u00e0 offrir des produits alimentaires de la plus haute qualit\u00e9 tout en promouvant des pratiques durables \u00e0 chaque \u00e9tape de notre processus. Engagement en faveur de la qualit\u00e9 Garantir la qualit\u00e9 de nos produits est notre priorit\u00e9 absolue. [&hellip;]<\/p>\n","protected":false},"author":1,"featured_media":0,"parent":0,"menu_order":0,"comment_status":"closed","ping_status":"closed","template":"page-full-width.php","meta":{"footnotes":""},"class_list":["post-15405","page","type-page","status-publish","hentry"],"yoast_head":"<!-- This site is optimized with the Yoast SEO plugin v27.5 - https:\/\/yoast.com\/product\/yoast-seo-wordpress\/ -->\n<title>Qualit\u00e9 et durabilit\u00e9 - Tep Alimentar<\/title>\n<meta name=\"robots\" content=\"index, follow, max-snippet:-1, max-image-preview:large, max-video-preview:-1\" \/>\n<link rel=\"canonical\" href=\"https:\/\/tep-alimentar.com\/fr\/qualite-et-durabilite\/\" \/>\n<meta property=\"og:locale\" content=\"fr_FR\" \/>\n<meta property=\"og:type\" content=\"article\" \/>\n<meta property=\"og:title\" content=\"Qualit\u00e9 et durabilit\u00e9 - Tep Alimentar\" \/>\n<meta property=\"og:description\" content=\"Chez TEP, la qualit\u00e9 et la durabilit\u00e9 sont des piliers fondamentaux de nos activit\u00e9s. Nous nous engageons \u00e0 offrir des produits alimentaires de la plus haute qualit\u00e9 tout en promouvant des pratiques durables \u00e0 chaque \u00e9tape de notre processus. Engagement en faveur de la qualit\u00e9 Garantir la qualit\u00e9 de nos produits est notre priorit\u00e9 absolue. [&hellip;]\" \/>\n<meta property=\"og:url\" content=\"https:\/\/tep-alimentar.com\/fr\/qualite-et-durabilite\/\" \/>\n<meta property=\"og:site_name\" content=\"Tep Alimentar\" \/>\n<meta property=\"article:publisher\" content=\"https:\/\/www.facebook.com\/p\/TEP-Distribuio-de-Produtos-Alimentares-100048592165823\/\" \/>\n<meta property=\"article:modified_time\" content=\"2026-03-09T16:32:06+00:00\" \/>\n<meta property=\"og:image\" content=\"https:\/\/tep-alimentar.com\/wp-content\/uploads\/2024\/09\/tep-sgs-certificado.png\" \/>\n\t<meta property=\"og:image:width\" content=\"129\" \/>\n\t<meta property=\"og:image:height\" content=\"123\" \/>\n\t<meta property=\"og:image:type\" content=\"image\/png\" \/>\n<meta name=\"twitter:card\" content=\"summary_large_image\" \/>\n<meta name=\"twitter:label1\" content=\"Dur\u00e9e de lecture estim\u00e9e\" \/>\n\t<meta name=\"twitter:data1\" content=\"1 minute\" \/>\n<script type=\"application\/ld+json\" class=\"yoast-schema-graph\">{\"@context\":\"https:\\\/\\\/schema.org\",\"@graph\":[{\"@type\":\"WebPage\",\"@id\":\"https:\\\/\\\/tep-alimentar.com\\\/fr\\\/qualite-et-durabilite\\\/\",\"url\":\"https:\\\/\\\/tep-alimentar.com\\\/fr\\\/qualite-et-durabilite\\\/\",\"name\":\"Qualit\u00e9 et durabilit\u00e9 - Tep Alimentar\",\"isPartOf\":{\"@id\":\"https:\\\/\\\/tep-alimentar.com\\\/fr\\\/#website\"},\"primaryImageOfPage\":{\"@id\":\"https:\\\/\\\/tep-alimentar.com\\\/fr\\\/qualite-et-durabilite\\\/#primaryimage\"},\"image\":{\"@id\":\"https:\\\/\\\/tep-alimentar.com\\\/fr\\\/qualite-et-durabilite\\\/#primaryimage\"},\"thumbnailUrl\":\"https:\\\/\\\/tep-alimentar.com\\\/wp-content\\\/uploads\\\/2024\\\/09\\\/tep-sgs-certificado.png\",\"datePublished\":\"2024-09-04T15:01:06+00:00\",\"dateModified\":\"2026-03-09T16:32:06+00:00\",\"breadcrumb\":{\"@id\":\"https:\\\/\\\/tep-alimentar.com\\\/fr\\\/qualite-et-durabilite\\\/#breadcrumb\"},\"inLanguage\":\"fr-FR\",\"potentialAction\":[{\"@type\":\"ReadAction\",\"target\":[\"https:\\\/\\\/tep-alimentar.com\\\/fr\\\/qualite-et-durabilite\\\/\"]}]},{\"@type\":\"ImageObject\",\"inLanguage\":\"fr-FR\",\"@id\":\"https:\\\/\\\/tep-alimentar.com\\\/fr\\\/qualite-et-durabilite\\\/#primaryimage\",\"url\":\"https:\\\/\\\/tep-alimentar.com\\\/wp-content\\\/uploads\\\/2024\\\/09\\\/tep-sgs-certificado.png\",\"contentUrl\":\"https:\\\/\\\/tep-alimentar.com\\\/wp-content\\\/uploads\\\/2024\\\/09\\\/tep-sgs-certificado.png\"},{\"@type\":\"BreadcrumbList\",\"@id\":\"https:\\\/\\\/tep-alimentar.com\\\/fr\\\/qualite-et-durabilite\\\/#breadcrumb\",\"itemListElement\":[{\"@type\":\"ListItem\",\"position\":1,\"name\":\"In\u00edcio\",\"item\":\"https:\\\/\\\/tep-alimentar.com\\\/fr\\\/accueil\\\/\"},{\"@type\":\"ListItem\",\"position\":2,\"name\":\"Qualit\u00e9 et durabilit\u00e9\"}]},{\"@type\":\"WebSite\",\"@id\":\"https:\\\/\\\/tep-alimentar.com\\\/fr\\\/#website\",\"url\":\"https:\\\/\\\/tep-alimentar.com\\\/fr\\\/\",\"name\":\"Tep Alimentar\",\"description\":\"Distribui\u00e7\u00e3o de Produtos Alimentares\",\"publisher\":{\"@id\":\"https:\\\/\\\/tep-alimentar.com\\\/fr\\\/#organization\"},\"potentialAction\":[{\"@type\":\"SearchAction\",\"target\":{\"@type\":\"EntryPoint\",\"urlTemplate\":\"https:\\\/\\\/tep-alimentar.com\\\/fr\\\/?s={search_term_string}\"},\"query-input\":{\"@type\":\"PropertyValueSpecification\",\"valueRequired\":true,\"valueName\":\"search_term_string\"}}],\"inLanguage\":\"fr-FR\"},{\"@type\":\"Organization\",\"@id\":\"https:\\\/\\\/tep-alimentar.com\\\/fr\\\/#organization\",\"name\":\"Tep Alimentar\",\"url\":\"https:\\\/\\\/tep-alimentar.com\\\/fr\\\/\",\"logo\":{\"@type\":\"ImageObject\",\"inLanguage\":\"fr-FR\",\"@id\":\"https:\\\/\\\/tep-alimentar.com\\\/fr\\\/#\\\/schema\\\/logo\\\/image\\\/\",\"url\":\"https:\\\/\\\/tep-alimentar.com\\\/wp-content\\\/uploads\\\/2024\\\/09\\\/tep-logo-blue.svg\",\"contentUrl\":\"https:\\\/\\\/tep-alimentar.com\\\/wp-content\\\/uploads\\\/2024\\\/09\\\/tep-logo-blue.svg\",\"width\":1,\"height\":1,\"caption\":\"Tep Alimentar\"},\"image\":{\"@id\":\"https:\\\/\\\/tep-alimentar.com\\\/fr\\\/#\\\/schema\\\/logo\\\/image\\\/\"},\"sameAs\":[\"https:\\\/\\\/www.facebook.com\\\/p\\\/TEP-Distribuio-de-Produtos-Alimentares-100048592165823\\\/\"]}]}<\/script>\n<!-- \/ Yoast SEO plugin. -->","yoast_head_json":{"title":"Qualit\u00e9 et durabilit\u00e9 - Tep Alimentar","robots":{"index":"index","follow":"follow","max-snippet":"max-snippet:-1","max-image-preview":"max-image-preview:large","max-video-preview":"max-video-preview:-1"},"canonical":"https:\/\/tep-alimentar.com\/fr\/qualite-et-durabilite\/","og_locale":"fr_FR","og_type":"article","og_title":"Qualit\u00e9 et durabilit\u00e9 - Tep Alimentar","og_description":"Chez TEP, la qualit\u00e9 et la durabilit\u00e9 sont des piliers fondamentaux de nos activit\u00e9s. Nous nous engageons \u00e0 offrir des produits alimentaires de la plus haute qualit\u00e9 tout en promouvant des pratiques durables \u00e0 chaque \u00e9tape de notre processus. Engagement en faveur de la qualit\u00e9 Garantir la qualit\u00e9 de nos produits est notre priorit\u00e9 absolue. [&hellip;]","og_url":"https:\/\/tep-alimentar.com\/fr\/qualite-et-durabilite\/","og_site_name":"Tep Alimentar","article_publisher":"https:\/\/www.facebook.com\/p\/TEP-Distribuio-de-Produtos-Alimentares-100048592165823\/","article_modified_time":"2026-03-09T16:32:06+00:00","og_image":[{"width":129,"height":123,"url":"https:\/\/tep-alimentar.com\/wp-content\/uploads\/2024\/09\/tep-sgs-certificado.png","type":"image\/png"}],"twitter_card":"summary_large_image","twitter_misc":{"Dur\u00e9e de lecture estim\u00e9e":"1 minute"},"schema":{"@context":"https:\/\/schema.org","@graph":[{"@type":"WebPage","@id":"https:\/\/tep-alimentar.com\/fr\/qualite-et-durabilite\/","url":"https:\/\/tep-alimentar.com\/fr\/qualite-et-durabilite\/","name":"Qualit\u00e9 et durabilit\u00e9 - Tep Alimentar","isPartOf":{"@id":"https:\/\/tep-alimentar.com\/fr\/#website"},"primaryImageOfPage":{"@id":"https:\/\/tep-alimentar.com\/fr\/qualite-et-durabilite\/#primaryimage"},"image":{"@id":"https:\/\/tep-alimentar.com\/fr\/qualite-et-durabilite\/#primaryimage"},"thumbnailUrl":"https:\/\/tep-alimentar.com\/wp-content\/uploads\/2024\/09\/tep-sgs-certificado.png","datePublished":"2024-09-04T15:01:06+00:00","dateModified":"2026-03-09T16:32:06+00:00","breadcrumb":{"@id":"https:\/\/tep-alimentar.com\/fr\/qualite-et-durabilite\/#breadcrumb"},"inLanguage":"fr-FR","potentialAction":[{"@type":"ReadAction","target":["https:\/\/tep-alimentar.com\/fr\/qualite-et-durabilite\/"]}]},{"@type":"ImageObject","inLanguage":"fr-FR","@id":"https:\/\/tep-alimentar.com\/fr\/qualite-et-durabilite\/#primaryimage","url":"https:\/\/tep-alimentar.com\/wp-content\/uploads\/2024\/09\/tep-sgs-certificado.png","contentUrl":"https:\/\/tep-alimentar.com\/wp-content\/uploads\/2024\/09\/tep-sgs-certificado.png"},{"@type":"BreadcrumbList","@id":"https:\/\/tep-alimentar.com\/fr\/qualite-et-durabilite\/#breadcrumb","itemListElement":[{"@type":"ListItem","position":1,"name":"In\u00edcio","item":"https:\/\/tep-alimentar.com\/fr\/accueil\/"},{"@type":"ListItem","position":2,"name":"Qualit\u00e9 et durabilit\u00e9"}]},{"@type":"WebSite","@id":"https:\/\/tep-alimentar.com\/fr\/#website","url":"https:\/\/tep-alimentar.com\/fr\/","name":"Tep Alimentar","description":"Distribui\u00e7\u00e3o de Produtos Alimentares","publisher":{"@id":"https:\/\/tep-alimentar.com\/fr\/#organization"},"potentialAction":[{"@type":"SearchAction","target":{"@type":"EntryPoint","urlTemplate":"https:\/\/tep-alimentar.com\/fr\/?s={search_term_string}"},"query-input":{"@type":"PropertyValueSpecification","valueRequired":true,"valueName":"search_term_string"}}],"inLanguage":"fr-FR"},{"@type":"Organization","@id":"https:\/\/tep-alimentar.com\/fr\/#organization","name":"Tep Alimentar","url":"https:\/\/tep-alimentar.com\/fr\/","logo":{"@type":"ImageObject","inLanguage":"fr-FR","@id":"https:\/\/tep-alimentar.com\/fr\/#\/schema\/logo\/image\/","url":"https:\/\/tep-alimentar.com\/wp-content\/uploads\/2024\/09\/tep-logo-blue.svg","contentUrl":"https:\/\/tep-alimentar.com\/wp-content\/uploads\/2024\/09\/tep-logo-blue.svg","width":1,"height":1,"caption":"Tep Alimentar"},"image":{"@id":"https:\/\/tep-alimentar.com\/fr\/#\/schema\/logo\/image\/"},"sameAs":["https:\/\/www.facebook.com\/p\/TEP-Distribuio-de-Produtos-Alimentares-100048592165823\/"]}]}},"_links":{"self":[{"href":"https:\/\/tep-alimentar.com\/fr\/wp-json\/wp\/v2\/pages\/15405","targetHints":{"allow":["GET"]}}],"collection":[{"href":"https:\/\/tep-alimentar.com\/fr\/wp-json\/wp\/v2\/pages"}],"about":[{"href":"https:\/\/tep-alimentar.com\/fr\/wp-json\/wp\/v2\/types\/page"}],"author":[{"embeddable":true,"href":"https:\/\/tep-alimentar.com\/fr\/wp-json\/wp\/v2\/users\/1"}],"replies":[{"embeddable":true,"href":"https:\/\/tep-alimentar.com\/fr\/wp-json\/wp\/v2\/comments?post=15405"}],"version-history":[{"count":1,"href":"https:\/\/tep-alimentar.com\/fr\/wp-json\/wp\/v2\/pages\/15405\/revisions"}],"predecessor-version":[{"id":15410,"href":"https:\/\/tep-alimentar.com\/fr\/wp-json\/wp\/v2\/pages\/15405\/revisions\/15410"}],"wp:attachment":[{"href":"https:\/\/tep-alimentar.com\/fr\/wp-json\/wp\/v2\/media?parent=15405"}],"curies":[{"name":"wp","href":"https:\/\/api.w.org\/{rel}","templated":true}]}}